{"id":1788,"date":"2022-09-16T15:34:59","date_gmt":"2022-09-16T14:34:59","guid":{"rendered":"https:\/\/icefishing.ch\/wp\/?page_id=1788"},"modified":"2025-12-22T12:10:39","modified_gmt":"2025-12-22T11:10:39","slug":"1-tag-eisfischen-oeschinensee","status":"publish","type":"page","link":"https:\/\/icefishing.ch\/wp\/eisfisch-events\/1-tag-eisfischen-oeschinensee\/","title":{"rendered":"1 Tag Eisfischen &#8211; Oeschinensee"},"content":{"rendered":"<div class=\"wpb-content-wrapper\"><div class=\"vc_row wpb_row vc_row-fluid\"><div class=\"wpb_column vc_column_container vc_col-sm-12\"><div class=\"vc_column-inner\"><div class=\"wpb_wrapper\">\n\t<div class=\"wpb_text_column wpb_content_element\" >\n\t\t<div class=\"wpb_wrapper\">\n\t\t\t<p><span style=\"color: #009ee2; font-size: 12pt;\">Infos g\u00fcltig f\u00fcr die <strong>Eisfisch-Saison 2026<\/strong> (Januar-M\u00e4rz)<\/span><br \/>\n<a href=\"https:\/\/icefishing.ch\/wp\/wp-content\/uploads\/Info_Event_-_1_Tag_Oeschinensee-Saison-2026.pdf\" target=\"_blank\" rel=\"noopener\"><span style=\"font-size: 10pt;\">(Infos als PDF-Datei downloaden)<\/span><\/a><\/p>\n<p><span style=\"font-size: 10pt;\">Geniesse allein oder zu zweit, mit Personen aus dem Freundeskreis, als Familie, als Clique, als G\u00f6tti oder Gotte mit deinem Patenkind, &#8230; zusammen mit uns einen Tag beim Eisfischen auf dem Oeschinensee und geniess dabei die herrliche Berglandschaft, die diesen Bergsee oberhalb Kandersteg umgibt.<br \/>\n<\/span><span style=\"font-size: 10pt;\">Nach einer Einf\u00fchrung ins Eisfischen, geht es gemeinsam auf den zugefrorenen See. Nachdem die ersten L\u00f6cher gebohrt sind, versuchen alle einen der begehrten Fische (Saibling, Regenbogenforelle, Namaycush) zum Biss zu verleiten. Dann muss der Fisch nur noch mit etwas Geschick durch das Eisloch an die Oberfl\u00e4che gezogen werden.<br \/>\n<\/span><span style=\"font-size: 10pt;\">Die gefangenen Fische d\u00fcrfen selbstverst\u00e4ndlich mit nach Hause genommen werden.<\/span><\/p>\n<p><span style=\"font-size: 14pt;\"><strong><span style=\"color: #ff0000;\">Keine Fanggarantie!<\/span><\/strong><\/span><\/p>\n<p><span style=\"font-size: 12pt; color: #249bff;\"><strong>Ablauf<\/strong><\/span><\/p>\n<hr style=\"border: solid #249bff 1px; height: 1px;\" \/>\n<p><span style=\"font-size: 10pt;\">Vom Treffpunk aus fahren wir mit der Gondelbahn bis zur Bergstation. Von dort aus geht es ca. 20 min. zu Fuss weiter leicht bergab zum See (wer einen Schlitten mitnimmt, kann einen Teil davon schlitteln). Beim Restaurant Oeschinensee l\u00f6sen wir die Tagespatente und r\u00fcsten uns im Eisfisch-Magazin mit dem Material f\u00fcr das Eisfischen aus. (Beim Restaurant hat es die letzten WC-Anlagen.)<\/span><\/p>\n<p><span style=\"font-size: 10pt;\">Nach einer kurzen Einf\u00fchrung ins Thema Patentvorschriften und den Verhaltensregeln auf Eis, geht es ca. 20 min zu Fuss weiter bis zum Zielgebiet, in dem wir an diesem Tag eisfischen werden.<\/span><br \/>\n<span style=\"font-size: 10pt;\">Dort angekommen, demonstrieren wir euch, wie ein Loch ins Eis gebohrt wird, erkl\u00e4ren euch den Unterschied zwischen aktivem und passivem Eisfischen, zeigen euch die Handhabung der Angelruten und das Befestigen der verschiedenen K\u00f6der.<\/span><\/p>\n<p><span style=\"font-size: 10pt;\">Uns stehen nun ca. 4-5 Stunden f\u00fcr das eigentliche Eisfischen zur Verf\u00fcgung. W\u00e4hrend dieser Zeit unterst\u00fctzen wir euch mit Tipps und unserer langj\u00e4hrigen Erfahrung. Wir helfen denen, die nicht selbst wollen, beim Befestigen der K\u00f6der oder dem fachgerechten T\u00f6ten der gefangenen Fische.<br \/>\nAb ca. 12:30 Uhr brennt in der Feuerschale ein Holzfeuer, \u00fcber dem Mitgebrachtes &#8218;gebr\u00e4telt&#8216; werden kann.<br \/>\n(wir haben Teleskop-Grillspiesse dabei)<br \/>\n<\/span><\/p>\n<p><span style=\"font-size: 10pt;\">Um ca. 15:30 Uhr r\u00e4umen wir unser Material auf dem See zusammen und gehen zur\u00fcck zum Eisfisch-Magazin.<br \/>\n<\/span><span style=\"font-size: 10pt;\">Anschliessend beenden wir das Eisfischen offiziell und alle laufen individuell zur Bergstation zur\u00fcck (ca. 35 min).<\/span><\/p>\n<p><span style=\"font-size: 12pt; color: #249bff;\"><strong>Kosten<\/strong><\/span><\/p>\n<hr style=\"border: solid #249bff 1px; height: 1px;\" \/>\n<p><strong><span style=\"font-size: 10pt;\">Einzelpersonen oder Gruppen<\/span><\/strong><br \/>\n<span style=\"font-size: 10pt;\">CHF 100.- pro Person<\/span><br \/>\n<strong><span style=\"font-size: 10pt;\">Familien mit Kindern \/ G\u00f6tti oder Gotte mit Kind \/ Grosseltern mit Kind<\/span><\/strong><br \/>\n<span style=\"font-size: 10pt;\">CHF 100.- pro Familienmitglied* ab 18 Jahre (inkl. 1 Familienmitglied bis und mit 14 Jahre gratis)<br \/>\nCHF\u00a0\u00a0 50.- pro Familienmitglied ab 15 bis und mit 17 Jahre<br \/>\nCHF\u00a0\u00a0 30.- pro weitere Familienmitglieder bis und mit 14 Jahre<br \/>\n* gilt auch f\u00fcr G\u00f6tti oder Gotte oder Grosseltern<\/span><\/p>\n<p><span style=\"font-size: 10pt;\"><strong>inklusiv<\/strong><\/span><br \/>\n<span style=\"font-size: 10pt;\">&#8211; Einf\u00fchrung ins Eisfischen, Verhalten auf dem Eis<\/span><br \/>\n<span style=\"font-size: 10pt;\">&#8211; 1 Eisrute und 1 Eiskelle pro Person, mind. 1 Eisbohrer pro 5 Personen<\/span><br \/>\n<span style=\"font-size: 10pt;\">&#8211; Fischerutensilien wie Fischt\u00f6ter, Zange, Schere, Messband etc.<\/span><br \/>\n<span style=\"font-size: 10pt;\">&#8211; diverse K\u00f6der<\/span><br \/>\n<span style=\"font-size: 10pt;\"><strong>exklusiv<\/strong><\/span><br \/>\n<span style=\"font-size: 10pt;\">&#8211; Luftseilbahn Kandersteg-Oeschinensee (einfach \/ retour)<\/span><br \/>\n<span style=\"font-size: 10pt;\">\u00a0\u00a0(Erwachsene: CHF 36.- | 6-16 J\u00e4hrige: CHF 18.50 | 1\/2-Tax oder GA: CHF 18.50)<\/span><br \/>\n<span style=\"font-size: 10pt;\">\u00a0\u00a0(Juniorkarte: g\u00fcltig)<\/span><br \/>\n<span style=\"font-size: 10pt;\">&#8211; Tagespatent (berechtigt zum Fang von max. 6 Fischen)<\/span><br \/>\n<span style=\"font-size: 10pt;\">\u00a0\u00a0(Erwachsene: CHF 32.- | Auszubildende 17-25 Jahre: CHF 26.- | Jugendliche bis 16 Jahre CHF 20.-)<\/span><br \/>\n<span style=\"font-size: 10pt;\">&#8211; Verpflegung aus dem Rucksack<\/span><\/p>\n<p><span style=\"font-size: 12pt; color: #249bff;\"><strong>Tickets f\u00fcr die Gondelbahn<\/strong><\/span><\/p>\n<hr style=\"border: solid #249bff 1px; height: 1px;\" \/>\n<p><span style=\"font-size: 10pt;\">Bitte kaufe noch <span style=\"text-decoration: underline;\"><strong>KEIN<\/strong> <\/span>Ticket!\u00a0Die Gondelbahn Kandersteg &#8211; Oeschinensee hat seit 2025 ein neues Ticketing-System mit Reservation eines Zeitslots (Bordingpass). Wir sind aktuell in Verhandlungen, wie wir das f\u00fcr unsere Eisfisch-Events am Einfachsten handhaben k\u00f6nnen. Wir werden dich fr\u00fchzeitig vor dem Anlass informieren.<\/span><\/p>\n<p><span style=\"font-size: 12pt; color: #249bff;\"><strong>Treffpunkt, Zeiten<\/strong><\/span><\/p>\n<hr style=\"border: solid #249bff 1px; height: 1px;\" \/>\n<p><span style=\"font-size: 10pt;\">Wir treffen uns sp\u00e4testens um 8:45 Uhr bei der Talstation Luftseilbahn Oeschinensee beim gelben Post-Briefkasten. Bitte sei p\u00fcnktlich!<br \/>\n<\/span><span style=\"font-size: 10pt;\">Wer sich versp\u00e4tet, muss ggf. selbst\u00e4ndig den Weg bis zum See gehen. Wir k\u00f6nnen nicht als ganze Gruppe warten. Bitte melde dich telefonisch unter <strong>077\u00a0454\u00a000\u00a084<\/strong>, solltest du dich versp\u00e4ten.<br \/>\n<\/span><span style=\"font-size: 10pt;\">Der Anlass dauert offiziell bis ca. 16:00 Uhr und wird beim Eisfisch-Magazin (Restaurant Oeschinensee) beendet. Der R\u00fcckweg zu Fuss zur Bergstation und die Fahrt mit der Gondel zur Talstation finden individuell statt.<br \/>\n<\/span><\/p>\n<p><span style=\"font-size: 12pt; color: #249bff;\"><strong>Kleidung<\/strong><\/span><\/p>\n<hr style=\"border: solid #249bff 1px; height: 1px;\" \/>\n<p><span style=\"font-size: 10pt;\">Eine gute und warme Kleidung ist ganz wichtig beim Eisfischen.<\/span><br \/>\n<span style=\"font-size: 10pt;\"><span style=\"color: #ff0000;\">Warme und <strong>wasserdichte<\/strong> Schuhe<\/span> (die mind. bis \u00fcber den Kn\u00f6chel dicht sind) mit einer dicken Sohle sch\u00fctzen vor der K\u00e4lte von unten, denn die ist auch bei sonnigem Wetter da.<br \/>\n(Es kann vorkommen, dass sich auf Grund der Witterungsverh\u00e4ltnisse Oberfl\u00e4chenwasser bzw. nasser Schneematsch auf dem Eis befindet.)<br \/>\nWind- und wasserdichte Hosen und Jacken sch\u00fctzen auf dem Eis vor K\u00e4lte und einem allf\u00e4lligen k\u00fchlen Wind. Es empfiehlt sich mehrere Schichten Kleider zu tragen, die bei Bedarf ausgezogen werden k\u00f6nnen.<\/span><\/p>\n<p><span style=\"color: #249bff;\"><strong>Mitnehmen<\/strong><\/span><\/p>\n<hr style=\"border: solid #249bff 1px; height: 1px;\" \/>\n<p><span style=\"font-size: 10pt;\"><strong>Alle<\/strong><br \/>\n&#8211; Verpflegung (es hat ein offenes Feuer in einer Feuerschale)<br \/>\n&#8211; 1 K\u00fcchent\u00fcchli<br \/>\n&#8211; 1 Plastiksack (Fische)<br \/>\n&#8211; Ersatzsocken<br \/>\n&#8211; Schlitten oder Stuhl als Sitzgelegenheit (wer will)<br \/>\n&#8211; amtlicher Ausweis mit Foto<\/span><br \/>\n<span style=\"font-size: 10pt;\"><strong>Wer hat<\/strong><br \/>\n&#8211; SaNa-Ausweis<br \/>\n&#8211; Fischerpatent Kanton Bern<br \/>\n&#8211; 1\/2-Tax oder GA, Juniorkarte<\/span><\/p>\n<p><span style=\"font-size: 12pt; color: #249bff;\"><strong>Material<\/strong><\/span><\/p>\n<hr style=\"border: solid #249bff 1px; height: 1px;\" \/>\n<p><span style=\"font-size: 10pt;\">Das ben\u00f6tigte Material wird durch IceFishing.ch leihweise zur Verf\u00fcgung gestellt und muss gem\u00e4ss Einf\u00fchrung behandelt werden.<\/span><\/p>\n<p><span style=\"color: #249bff;\"><strong><span style=\"font-size: 12pt;\">Versicherung<\/span><\/strong><\/span><\/p>\n<hr style=\"border: solid #249bff 1px; height: 1px;\" \/>\n<p><span style=\"font-size: 10pt;\">Die Unfallversicherung ist Sache der teilnehmenden Personen. Es wird keinerlei Haftung durch IceFishing.ch \u00fcbernommen.<\/span><\/p>\n<p><span style=\"color: #249bff;\"><strong><span style=\"font-size: 12pt;\">Durchf\u00fchrung<\/span><\/strong><\/span><\/p>\n<hr style=\"border: solid #249bff 1px; height: 1px;\" \/>\n<p><span style=\"font-size: 10pt;\">Der Anlass findet in der Regel bei jedem Wetter statt. Die Durchf\u00fchrung h\u00e4ngt jedoch stark von den lokalen Eis- und Schneeverh\u00e4ltnissen sowie dem tagesaktuellen Fahrbetrieb der Luftseilbahn ab. Es kann vorkommen, dass der See kurzfristig f\u00fcr das Eisfischen gesperrt wird oder die Luftseilbahn versp\u00e4tet oder gar nicht in Betrieb geht.<\/span><br \/>\n<span style=\"font-size: 10pt;\">In diesem Fall besteht kein Anrecht auf Entsch\u00e4digung der An- und R\u00fcckreise. Das Kursgeld wird auf Wunsch vollumf\u00e4nglich zur\u00fcckerstattet oder auf einen anderen Termin umgebucht.<\/span><\/p>\n<p><a href=\"https:\/\/icefishing.ch\/wp\/eisfisch-events\/anmeldung-eisfischen-event\/\"><span style=\"font-size: 12pt; color: #249bff;\">Anmeldung<\/span><\/a><\/p>\n\n\t\t<\/div>\n\t<\/div>\n<\/div><\/div><\/div><\/div>\n<\/div>","protected":false},"excerpt":{"rendered":"Infos g\u00fcltig f\u00fcr die Eisfisch-Saison 2026 (Januar-M\u00e4rz) (Infos als PDF-Datei downloaden) Geniesse allein oder zu zweit, mit Personen aus dem[...]","protected":false},"author":3,"featured_media":0,"parent":1791,"menu_order":0,"comment_status":"closed","ping_status":"closed","template":"template-fullwidth.php","meta":{"footnotes":""},"class_list":["post-1788","page","type-page","status-publish","hentry"],"yoast_head":"<!-- This site is optimized with the Yoast SEO plugin v27.4 - https:\/\/yoast.com\/product\/yoast-seo-wordpress\/ -->\n<title>1 Tag Eisfischen - Oeschinensee - Eisfischen in der Schweiz<\/title>\n<meta name=\"robots\" content=\"index, follow, max-snippet:-1, max-image-preview:large, max-video-preview:-1\" \/>\n<link rel=\"canonical\" href=\"https:\/\/icefishing.ch\/wp\/eisfisch-events\/1-tag-eisfischen-oeschinensee\/\" \/>\n<meta property=\"og:locale\" content=\"de_DE\" \/>\n<meta property=\"og:type\" content=\"article\" \/>\n<meta property=\"og:title\" content=\"1 Tag Eisfischen - Oeschinensee - Eisfischen in der Schweiz\" \/>\n<meta property=\"og:url\" content=\"https:\/\/icefishing.ch\/wp\/eisfisch-events\/1-tag-eisfischen-oeschinensee\/\" \/>\n<meta property=\"og:site_name\" content=\"Eisfischen in der Schweiz\" \/>\n<meta property=\"article:modified_time\" content=\"2025-12-22T11:10:39+00:00\" \/>\n<meta name=\"twitter:card\" content=\"summary_large_image\" \/>\n<meta name=\"twitter:label1\" content=\"Gesch\u00e4tzte Lesezeit\" \/>\n\t<meta name=\"twitter:data1\" content=\"5\u00a0Minuten\" \/>\n<script type=\"application\/ld+json\" class=\"yoast-schema-graph\">{\"@context\":\"https:\\\/\\\/schema.org\",\"@graph\":[{\"@type\":\"WebPage\",\"@id\":\"https:\\\/\\\/icefishing.ch\\\/wp\\\/eisfisch-events\\\/1-tag-eisfischen-oeschinensee\\\/\",\"url\":\"https:\\\/\\\/icefishing.ch\\\/wp\\\/eisfisch-events\\\/1-tag-eisfischen-oeschinensee\\\/\",\"name\":\"1 Tag Eisfischen - Oeschinensee - Eisfischen in der Schweiz\",\"isPartOf\":{\"@id\":\"https:\\\/\\\/icefishing.ch\\\/wp\\\/#website\"},\"datePublished\":\"2022-09-16T14:34:59+00:00\",\"dateModified\":\"2025-12-22T11:10:39+00:00\",\"breadcrumb\":{\"@id\":\"https:\\\/\\\/icefishing.ch\\\/wp\\\/eisfisch-events\\\/1-tag-eisfischen-oeschinensee\\\/#breadcrumb\"},\"inLanguage\":\"de\",\"potentialAction\":[{\"@type\":\"ReadAction\",\"target\":[\"https:\\\/\\\/icefishing.ch\\\/wp\\\/eisfisch-events\\\/1-tag-eisfischen-oeschinensee\\\/\"]}]},{\"@type\":\"BreadcrumbList\",\"@id\":\"https:\\\/\\\/icefishing.ch\\\/wp\\\/eisfisch-events\\\/1-tag-eisfischen-oeschinensee\\\/#breadcrumb\",\"itemListElement\":[{\"@type\":\"ListItem\",\"position\":1,\"name\":\"Startseite\",\"item\":\"https:\\\/\\\/icefishing.ch\\\/wp\\\/\"},{\"@type\":\"ListItem\",\"position\":2,\"name\":\"Eisfisch-Events\",\"item\":\"https:\\\/\\\/icefishing.ch\\\/wp\\\/eisfisch-events\\\/\"},{\"@type\":\"ListItem\",\"position\":3,\"name\":\"1 Tag Eisfischen &#8211; Oeschinensee\"}]},{\"@type\":\"WebSite\",\"@id\":\"https:\\\/\\\/icefishing.ch\\\/wp\\\/#website\",\"url\":\"https:\\\/\\\/icefishing.ch\\\/wp\\\/\",\"name\":\"Eisfischen in der Schweiz\",\"description\":\"\",\"publisher\":{\"@id\":\"https:\\\/\\\/icefishing.ch\\\/wp\\\/#organization\"},\"potentialAction\":[{\"@type\":\"SearchAction\",\"target\":{\"@type\":\"EntryPoint\",\"urlTemplate\":\"https:\\\/\\\/icefishing.ch\\\/wp\\\/?s={search_term_string}\"},\"query-input\":{\"@type\":\"PropertyValueSpecification\",\"valueRequired\":true,\"valueName\":\"search_term_string\"}}],\"inLanguage\":\"de\"},{\"@type\":\"Organization\",\"@id\":\"https:\\\/\\\/icefishing.ch\\\/wp\\\/#organization\",\"name\":\"Eisfischen in der Schweiz\",\"url\":\"https:\\\/\\\/icefishing.ch\\\/wp\\\/\",\"logo\":{\"@type\":\"ImageObject\",\"inLanguage\":\"de\",\"@id\":\"https:\\\/\\\/icefishing.ch\\\/wp\\\/#\\\/schema\\\/logo\\\/image\\\/\",\"url\":\"https:\\\/\\\/icefishing.ch\\\/wp\\\/wp-content\\\/uploads\\\/cropped-Logo_IceFishing_blau_2075x2148.png\",\"contentUrl\":\"https:\\\/\\\/icefishing.ch\\\/wp\\\/wp-content\\\/uploads\\\/cropped-Logo_IceFishing_blau_2075x2148.png\",\"width\":2075,\"height\":2148,\"caption\":\"Eisfischen in der Schweiz\"},\"image\":{\"@id\":\"https:\\\/\\\/icefishing.ch\\\/wp\\\/#\\\/schema\\\/logo\\\/image\\\/\"}}]}<\/script>\n<!-- \/ Yoast SEO plugin. -->","yoast_head_json":{"title":"1 Tag Eisfischen - Oeschinensee - Eisfischen in der Schweiz","robots":{"index":"index","follow":"follow","max-snippet":"max-snippet:-1","max-image-preview":"max-image-preview:large","max-video-preview":"max-video-preview:-1"},"canonical":"https:\/\/icefishing.ch\/wp\/eisfisch-events\/1-tag-eisfischen-oeschinensee\/","og_locale":"de_DE","og_type":"article","og_title":"1 Tag Eisfischen - Oeschinensee - Eisfischen in der Schweiz","og_url":"https:\/\/icefishing.ch\/wp\/eisfisch-events\/1-tag-eisfischen-oeschinensee\/","og_site_name":"Eisfischen in der Schweiz","article_modified_time":"2025-12-22T11:10:39+00:00","twitter_card":"summary_large_image","twitter_misc":{"Gesch\u00e4tzte Lesezeit":"5\u00a0Minuten"},"schema":{"@context":"https:\/\/schema.org","@graph":[{"@type":"WebPage","@id":"https:\/\/icefishing.ch\/wp\/eisfisch-events\/1-tag-eisfischen-oeschinensee\/","url":"https:\/\/icefishing.ch\/wp\/eisfisch-events\/1-tag-eisfischen-oeschinensee\/","name":"1 Tag Eisfischen - Oeschinensee - Eisfischen in der Schweiz","isPartOf":{"@id":"https:\/\/icefishing.ch\/wp\/#website"},"datePublished":"2022-09-16T14:34:59+00:00","dateModified":"2025-12-22T11:10:39+00:00","breadcrumb":{"@id":"https:\/\/icefishing.ch\/wp\/eisfisch-events\/1-tag-eisfischen-oeschinensee\/#breadcrumb"},"inLanguage":"de","potentialAction":[{"@type":"ReadAction","target":["https:\/\/icefishing.ch\/wp\/eisfisch-events\/1-tag-eisfischen-oeschinensee\/"]}]},{"@type":"BreadcrumbList","@id":"https:\/\/icefishing.ch\/wp\/eisfisch-events\/1-tag-eisfischen-oeschinensee\/#breadcrumb","itemListElement":[{"@type":"ListItem","position":1,"name":"Startseite","item":"https:\/\/icefishing.ch\/wp\/"},{"@type":"ListItem","position":2,"name":"Eisfisch-Events","item":"https:\/\/icefishing.ch\/wp\/eisfisch-events\/"},{"@type":"ListItem","position":3,"name":"1 Tag Eisfischen &#8211; Oeschinensee"}]},{"@type":"WebSite","@id":"https:\/\/icefishing.ch\/wp\/#website","url":"https:\/\/icefishing.ch\/wp\/","name":"Eisfischen in der Schweiz","description":"","publisher":{"@id":"https:\/\/icefishing.ch\/wp\/#organization"},"potentialAction":[{"@type":"SearchAction","target":{"@type":"EntryPoint","urlTemplate":"https:\/\/icefishing.ch\/wp\/?s={search_term_string}"},"query-input":{"@type":"PropertyValueSpecification","valueRequired":true,"valueName":"search_term_string"}}],"inLanguage":"de"},{"@type":"Organization","@id":"https:\/\/icefishing.ch\/wp\/#organization","name":"Eisfischen in der Schweiz","url":"https:\/\/icefishing.ch\/wp\/","logo":{"@type":"ImageObject","inLanguage":"de","@id":"https:\/\/icefishing.ch\/wp\/#\/schema\/logo\/image\/","url":"https:\/\/icefishing.ch\/wp\/wp-content\/uploads\/cropped-Logo_IceFishing_blau_2075x2148.png","contentUrl":"https:\/\/icefishing.ch\/wp\/wp-content\/uploads\/cropped-Logo_IceFishing_blau_2075x2148.png","width":2075,"height":2148,"caption":"Eisfischen in der Schweiz"},"image":{"@id":"https:\/\/icefishing.ch\/wp\/#\/schema\/logo\/image\/"}}]}},"_links":{"self":[{"href":"https:\/\/icefishing.ch\/wp\/wp-json\/wp\/v2\/pages\/1788","targetHints":{"allow":["GET"]}}],"collection":[{"href":"https:\/\/icefishing.ch\/wp\/wp-json\/wp\/v2\/pages"}],"about":[{"href":"https:\/\/icefishing.ch\/wp\/wp-json\/wp\/v2\/types\/page"}],"author":[{"embeddable":true,"href":"https:\/\/icefishing.ch\/wp\/wp-json\/wp\/v2\/users\/3"}],"replies":[{"embeddable":true,"href":"https:\/\/icefishing.ch\/wp\/wp-json\/wp\/v2\/comments?post=1788"}],"version-history":[{"count":13,"href":"https:\/\/icefishing.ch\/wp\/wp-json\/wp\/v2\/pages\/1788\/revisions"}],"predecessor-version":[{"id":3199,"href":"https:\/\/icefishing.ch\/wp\/wp-json\/wp\/v2\/pages\/1788\/revisions\/3199"}],"up":[{"embeddable":true,"href":"https:\/\/icefishing.ch\/wp\/wp-json\/wp\/v2\/pages\/1791"}],"wp:attachment":[{"href":"https:\/\/icefishing.ch\/wp\/wp-json\/wp\/v2\/media?parent=1788"}],"curies":[{"name":"wp","href":"https:\/\/api.w.org\/{rel}","templated":true}]}}